{"id":1299,"date":"2021-04-22T11:29:08","date_gmt":"2021-04-22T11:29:08","guid":{"rendered":"https:\/\/varas-group.com\/politica-privacidad\/"},"modified":"2025-10-10T08:28:23","modified_gmt":"2025-10-10T08:28:23","slug":"politica-privacidad","status":"publish","type":"page","link":"https:\/\/varas-group.com\/en\/politica-privacidad\/","title":{"rendered":"Pol\u00edtica de privacidad"},"content":{"rendered":"\t\t<div data-elementor-type=\"wp-page\" data-elementor-id=\"1299\" class=\"elementor elementor-1299 elementor-3\" data-elementor-post-type=\"page\">\n\t\t\t\t\t\t<section class=\"elementor-section elementor-top-section elementor-element elementor-element-876674c elementor-section-boxed elementor-section-height-default elementor-section-height-default\" data-id=\"876674c\" data-element_type=\"section\" data-e-type=\"section\" data-settings=\"{&quot;background_background&quot;:&quot;classic&quot;}\">\n\t\t\t\t\t\t<div class=\"elementor-container elementor-column-gap-default\">\n\t\t\t\t\t<div class=\"elementor-column elementor-col-100 elementor-top-column elementor-element elementor-element-fa0fa03\" data-id=\"fa0fa03\" data-element_type=\"column\" data-e-type=\"column\">\n\t\t\t<div class=\"elementor-widget-wrap elementor-element-populated\">\n\t\t\t\t\t\t<div class=\"elementor-element elementor-element-b64bd90 elementor-widget elementor-widget-heading\" data-id=\"b64bd90\" data-element_type=\"widget\" data-e-type=\"widget\" data-widget_type=\"heading.default\">\n\t\t\t\t<div class=\"elementor-widget-container\">\n\t\t\t\t\t<h2 class=\"elementor-heading-title elementor-size-default\">Pol\u00edticas de Privacidad<\/h2>\t\t\t\t<\/div>\n\t\t\t\t<\/div>\n\t\t\t\t<div class=\"elementor-element elementor-element-1b6d864a elementor-widget elementor-widget-text-editor\" data-id=\"1b6d864a\" data-element_type=\"widget\" data-e-type=\"widget\" data-widget_type=\"text-editor.default\">\n\t\t\t\t<div class=\"elementor-widget-container\">\n\t\t\t\t\t\t\t\t\t<p><strong><u>POL\u00cdTICA DE PRIVACIDAD Y PROTECCI\u00d3N DE DATOS DE CAR\u00c1CTER PERSONAL DE Amador Varas S. A.<\/u><\/strong><\/p><p><strong><u>TRATAMIENTOS DE DATOS PERSONALES<\/u><\/strong><\/p><p>En cumplimiento de lo establecido en la normativa aplicable de Protecci\u00f3n de Datos, le informamos que los datos que ser\u00e1n tratados como Responsable por <strong>AMADOR VARAS, S.A.,<\/strong> cuya finalidad del tratamiento es la prestaci\u00f3n del servicio que el usuario solicite a trav\u00e9s de nuestro formulario de contacto y para ello necesitamos que marque la casilla habilitada que indica la aceptaci\u00f3n de esta pol\u00edtica, de tal manera que si no lo hace no tendremos su consentimiento expreso y por ello no podremos dar respuesta a su solicitud.<\/p><p>Para la correcta prestaci\u00f3n de los servicios ofrecidos por <strong>AMADOR VARAS, S.A.<\/strong>, es preciso que el usuario conteste a todas y cada una de las preguntas que aparecen en los formularios presentes en nuestro sitio web. Asimismo, el usuario declara que es mayor de edad.<\/p><p>El tratamiento de los datos de car\u00e1cter personal solicitados tendr\u00e1n adem\u00e1s como finalidad del tratamiento el env\u00edo de informaci\u00f3n comercial relativa a productos y servicios ofrecidos actualmente y en el futuro por <strong>AMADOR VARAS, S.A.<\/strong>; esa informaci\u00f3n incluye comunicaciones publicitarias y promocionales, a trav\u00e9s de correo postal, fax, correo electr\u00f3nico o\u00a0 cualquier otro medio. Para realizar este tratamiento es necesario que el usuario marque la casilla habilitada al efecto en el formulario de la p\u00e1gina web.<\/p><p>Si Vd. incluye sus datos en nuestro formulario de bolsa de empleo le informamos que el tratamiento de dichos datos por parte de <strong>AMADOR VARAS, S.A.<\/strong> tiene como finalidad la recogida y tratamiento de esos datos para evaluar su candidatura en el caso de que en un futuro surja alguna vacante que se ajuste a sus caracter\u00edsticas. Vd. se compromete a mantener actualizado su curr\u00edculo, por lo que si no se remite comunicaci\u00f3n expresa y escrita de esa actualizaci\u00f3n de datos, entenderemos que el mismo se encuentra actualizado. Dicho CV ser\u00e1 conservado por un plazo \u00a0m\u00e1ximo de dos a\u00f1os.<\/p><p>Dado el car\u00e1cter personal de los datos facilitados, <strong>AMADOR VARAS, S.A.<\/strong> se compromete a tratarlos con estricta confidencialidad guardando el secreto debido, a este efecto, la entidad ha implantado las medidas de seguridad adecuadas conforme el an\u00e1lisis de riesgos realizado.<\/p><p>Le informamos que no se ceder\u00e1n sus datos a terceros ni se realizar\u00e1n transferencias internacionales de datos, salvo obligaci\u00f3n legal o cesi\u00f3n necesaria \u00fanica y exclusivamente cuando sea necesario para la prestaci\u00f3n del servicio solicitado, en cuyo caso se solicitar\u00e1 el consentimiento para ello.<\/p><p><strong><u>DERECHOS<\/u><\/strong><\/p><p>Los datos recabados y tratados se conservar\u00e1n por un plazo de tiempo limitado, dicho plazo ser\u00e1 el necesario para cumplir las obligaciones legales impuestas a <strong>AMADOR VARAS, S.A.<\/strong> por las diferentes normativas aplicables.<\/p><p>El usuario como interesado puede ejercer en todo momento los siguientes derechos en la direcci\u00f3n indicada en el Aviso Legal:<\/p><ul><li><span style=\"text-decoration: underline;\">Derecho de acceso:<\/span> el interesado podr\u00e1 solicitar al Responsable los datos tratados y en caso afirmativo qu\u00e9 datos personales concretos son tratados.<\/li><li><u>Derecho de rectificaci\u00f3n<\/u>: el interesado podr\u00e1 solicitar al Responsable la correcci\u00f3n de sus datos personales en caso de no ser exactos.<\/li><li><u>Derecho de supresi\u00f3n:<\/u>\u00a0el interesado podr\u00e1 solicitar al Responsable el borrado de sus datos personales.<\/li><li><u>Derecho de oposici\u00f3n:<\/u>\u00a0el interesado podr\u00e1 oponerse a que el Responsable realice un tratamiento de sus datos personales.<\/li><li><u>Derecho a la limitaci\u00f3n del tratamiento<\/u>: el interesado podr\u00e1 solicitar al Responsable que temporalmente no trate sus datos personales en unos supuestos concretos.<\/li><li><u>Derecho a la portabilidad:<\/u>\u00a0el interesado podr\u00e1 solicitar al Responsable sus datos automatizados en un formato estructurado de f\u00e1cil acceso y manejo.<\/li><\/ul><p>M\u00e1s informaci\u00f3n sobre sus derechos en <a href=\"http:\/\/www.agpd.es\">www.agpd.es<\/a>.<\/p><p>Asimismo, tiene derecho a presentar una reclamaci\u00f3n ante la Agencia Espa\u00f1ola de Protecci\u00f3n de Datos.<\/p><p><strong><u>COOKIES<\/u><\/strong><\/p><p>Los datos que ser\u00e1n almacenados en cada \u201ccookie\u201d son los siguientes: idioma, fecha y hora de la \u00faltima vez que el usuario visit\u00f3 nuestro Web, dise\u00f1o de contenidos que el usuario escogi\u00f3 en su primera visita a nuestro Web y elementos de seguridad que intervienen en el control de acceso a las \u00e1reas restringidas.<\/p><p>Desde este sitio Web estudiamos las preferencias de nuestros usuarios (caracter\u00edsticas demogr\u00e1ficas, sus patrones de tr\u00e1fico y otra informaci\u00f3n en conjunto para comprender el comportamiento y el perfil de nuestros usuarios). El rastreo de las preferencias de nuestros usuarios nos ayuda para mejorar nuestra P\u00e1gina as\u00ed como nuestros servicios.<\/p><p>Para ello, utilizamos el sistema Google Analytics (herramienta de Google para la medici\u00f3n del tr\u00e1fico de las P\u00e1ginas Web), el cual puede almacenar cookies en su ordenador para ayudarnos a recopilar informaci\u00f3n que ser\u00e1 utilizada \u00fanicamente con fines estad\u00edsticos y de estudio del comportamiento de los usuarios de nuestro sitio web. La informaci\u00f3n que recopila la cookie (incluida la IP) es almacenada y transmitida hacia los servidores de Google en Estados Unidos.\u00a0 Google utilizar\u00e1 dichos datos para recopilar su actividad en nuestro sitio y generar informes con el prop\u00f3sito de identificar el uso que hace del sitio. Google podr\u00e1 proporcionar dicha informaci\u00f3n a terceros cuando as\u00ed lo requiera la legislaci\u00f3n vigente.\u00a0 La aceptaci\u00f3n de esta pol\u00edtica supone la aceptaci\u00f3n del uso por parte de Google de la informaci\u00f3n recogida por Google Analytics.<\/p><p>En ocasiones es posible que utilicemos una tecnolog\u00eda llamada \u201ccookies\u201d con el fin de que proporcionemos una serie de contenidos y\/o servicios de manera personalizada. Una \u201ccookie\u201d es un peque\u00f1o elemento de datos que un sitio Web puede enviar al programa de navegaci\u00f3n Web del usuario.<\/p><p>A su vez, este elemento puede almacenarse en el disco duro del ordenador del usuario de manera que le podamos reconocer cuando regrese a nuestro sitio Web. En cualquier caso, siempre existe la posibilidad de que el usuario especifique, en las preferencias de su programa de navegaci\u00f3n que desea, recibir un aviso antes de aceptar cualquier \u201ccookie\u201d.<\/p><p>Los datos que ser\u00e1n almacenados en cada \u201ccookie\u201d son los siguientes: idioma, fecha y hora de la \u00faltima vez que el usuario visit\u00f3 nuestro Web, dise\u00f1o de contenidos que el usuario escogi\u00f3 en su primera visita a nuestro Web y elementos de seguridad que intervienen en el control de acceso a las \u00e1reas restringidas.<\/p><p>Desde este sitio Web estudiamos las preferencias de nuestros usuarios (caracter\u00edsticas demogr\u00e1ficas, sus patrones de tr\u00e1fico y otra informaci\u00f3n en conjunto para comprender el comportamiento y el perfil de nuestros usuarios). El rastreo de las preferencias de nuestros usuarios nos ayuda para mejorar nuestra P\u00e1gina as\u00ed como nuestros servicios.<\/p><p>Para ello, utilizamos el sistema Google Analytics (herramienta de Google para la medici\u00f3n del tr\u00e1fico de las P\u00e1ginas Web), el cual puede almacenar cookies en su ordenador para ayudarnos a recopilar informaci\u00f3n que ser\u00e1 utilizada \u00fanicamente con fines estad\u00edsticos y de estudio del comportamiento de los usuarios de nuestro sitio web. La informaci\u00f3n que recopila la cookie (incluida la IP) es almacenada y transmitida hacia los servidores de Google en Estados Unidos. \u00a0Google utilizar\u00e1 dichos datos para recopilar su actividad en nuestro sitio y generar informes con el prop\u00f3sito de identificar el uso que hace del sitio. Google podr\u00e1 proporcionar dicha informaci\u00f3n a terceros cuando as\u00ed lo requiera la legislaci\u00f3n vigente. La aceptaci\u00f3n de esta pol\u00edtica supone la aceptaci\u00f3n del uso por parte de Google de la informaci\u00f3n recogida por Google Analytics.<\/p><p>Vd. puede configurar su navegador para rechazar el almacenamiento de las cookies en su ordenador.<\/p><p>Para poder deshabilitar las cookies desde los navegadores se puede encontrar informaci\u00f3n sobre c\u00f3mo hacerlo en el caso de que se use como navegador:<\/p><p>Firefox desde aqu\u00ed:\u00a0<u><a href=\"http:\/\/support.mozilla.org\/es\/kb\/habilitar-y-deshabilitar-cookies-que-los-sitios-we\">http:\/\/support.mozilla.org\/es\/kb\/habilitar-y-deshabilitar-cookies-que-los-sitios-we<\/a><\/u><\/p><p>Chrome desde aqu\u00ed:\u00a0<u><a href=\"http:\/\/support.google.com\/chrome\/bin\/answer.py?hl=es&amp;answer=95647\">http:\/\/support.google.com\/chrome\/bin\/answer.py?hl=es&amp;answer=95647<\/a><\/u><\/p><p>Explorer desde aqu\u00ed:\u00a0<u><a href=\"http:\/\/windows.microsoft.com\/es-es\/windows7\/how-to-manage-cookies-in-internet-explorer-9\">http:\/\/windows.microsoft.com\/es-es\/windows7\/how-to-manage-cookies-in-internet-explorer-9<\/a><\/u><\/p><p>Safari desde aqu\u00ed:\u00a0<u><a href=\"http:\/\/support.apple.com\/kb\/ph5042\">http:\/\/support.apple.com\/kb\/ph5042<\/a><\/u><\/p><p>Opera desde aqu\u00ed:\u00a0<u><a href=\"http:\/\/help.opera.com\/Windows\/11.50\/es-ES\/cookies.html\">http:\/\/help.opera.com\/Windows\/11.50\/es-ES\/cookies.html<\/a><\/u><\/p><p><strong><u>INFORMACI\u00d3N\u00a0 COMPLETA SOBRE EL TRATAMIENTO DE DATOS PERSONALES<\/u><\/strong><\/p><p><strong><u>RESPONSABLE DEL TRATAMIENTO<\/u><\/strong><\/p><p><strong>\u00bfQui\u00e9n es el responsable del tratamiento de sus datos?<\/strong><\/p><p>Identidad: <strong>AMADOR VARAS, S.A.<\/strong><\/p><p>Dir. Postal: <b>Carrer Torrent Vallmajor, 90 &#8211; <\/b><b><\/b><b>08915 Badalona (Barcelona) <\/b><b><\/b><\/p><p>Correo electr\u00f3nico: <a href=\"mailto:varas@amador-varas.com\"><strong>varas@amador-varas.com<\/strong><\/a><\/p><p><strong><u>FINALIDAD DEL TRATAMIENTO<\/u><\/strong><\/p><p><strong>\u00bfCon qu\u00e9 finalidad tratamos sus datos personales?<\/strong><\/p><p>En AMADOR VARAS, S.A. tratamos la informaci\u00f3n que nos facilitan las personas interesadas con los siguientes fines:<\/p><ul><li>Gesti\u00f3n y administraci\u00f3n de la relaci\u00f3n contractual establecida con <strong>proveedores, clientes y empleados.<\/strong><\/li><li>Facilitar a los interesados <strong>informaci\u00f3n comercial<\/strong>\u00a0sobre productos y servicios que pudieran ser de su inter\u00e9s.<\/li><li><strong>Videovigilancia<\/strong> de las instalaciones en el caso de que Usted acceda a nuestras instalaciones<\/li><li>Dar respuesta a sus consultas y cuestiones en el caso de que Usted nos formule alguna pregunta a trav\u00e9s de la <strong>p\u00e1gina web<\/strong>.<\/li><li>Evaluar su candidatura ante una futura vacante para un puesto de trabajo, en caso de habernos facilitado su <strong>cv<\/strong>.<\/li><\/ul><p><strong>\u00bfCu\u00e1nto tiempo conservaremos sus datos?<\/strong><\/p><p>Los datos personales proporcionados se conservar\u00e1n:<\/p><ol><li>Mientras se mantenga la relaci\u00f3n mercantil.<\/li><li>No se solicite su supresi\u00f3n por el interesado.<\/li><li>La informaci\u00f3n que por imperativo legal deba conservarse un tiempo espec\u00edfico no se eliminar\u00e1 hasta que transcurra el tiempo indicado en la ley.\u00a0<\/li><\/ol><p><strong><u>LEGITIMACI\u00d3N DEL TRATAMIENTO<\/u><\/strong><\/p><p><strong>\u00bfCu\u00e1l es la legitimaci\u00f3n para el tratamiento de sus datos?<\/strong><\/p><p>La base legal para el tratamiento de sus datos es la siguiente:<\/p><ul><li>Ejecuci\u00f3n del contrato en el caso de que Usted sea <strong>empleado cliente, proveedor.<\/strong><\/li><li>Inter\u00e9s leg\u00edtimo en el caso de que haya sido grabado por las c\u00e1maras de <strong>videovigilancia<\/strong>.<\/li><li>Consentimiento del interesado prestado en la <strong>p\u00e1gina web<\/strong>\u00a0en el caso de que usted realice alguna petici\u00f3n o consulta en nuestro<strong>\u00a0formulario de contacto<\/strong>.<\/li><li>Consentimiento del interesado en el caso de que haya enviado su <strong>CV<\/strong>.<\/li><li>Inter\u00e9s leg\u00edtimo a la hora de realizar <strong>env\u00edos publicitarios<\/strong>.<\/li><\/ul><p><strong><u>DESTINATARIOS DE LOS DATOS SUMINISTRADOS<\/u><\/strong><\/p><p><strong>\u00bfA qu\u00e9 destinatarios se comunicar\u00e1n sus datos?<\/strong><\/p><p><strong>1. Los datos se comunicar\u00e1n por requisito legal a:<\/strong><\/p><ul><li>Organismos de la seguridad social (En el caso de los empleados)<\/li><li>Administraci\u00f3n tributaria (En el caso de empleados, proveedores y clientes)<\/li><li>Otros \u00f3rganos de la administraci\u00f3n p\u00fablica (En el caso de empleados, proveedores y clientes)<\/li><li>Fuerzas y cuerpos de seguridad (En el caso de videovigilancia)<\/li><li>Entidades aseguradoras (caso de empleados)<\/li><\/ul><p><strong>2. Los datos se comunicar\u00e1n por requisito contractual a:<\/strong><\/p><ul><li>Bancos, cajas de ahorros, y cajas rurales<\/li><\/ul><p><strong><u>DERECHOS DE LOS INTERESADOS<\/u><\/strong><\/p><p><strong>\u00bfCu\u00e1les son sus derechos?<\/strong><\/p><p>Cualquier persona tiene derecho a obtener confirmaci\u00f3n sobre si en <strong>AMADOR VARAS, S.A.<\/strong> estamos tratando datos personales que les conciernan, o no.<\/p><ul><li><em><u>Derecho de acceso:<\/u><\/em>\u00a0el interesado podr\u00e1 solicitar al Responsable los datos tratados y en caso afirmativo qu\u00e9 datos personales concretos son tratados.<\/li><li><em><u>Derecho de rectificaci\u00f3n<\/u><\/em>: el interesado podr\u00e1 solicitar al Responsable la correcci\u00f3n de sus datos personales en caso de no ser exactos.<\/li><li><u>Derecho de supresi\u00f3n<\/u>: el interesado podr\u00e1 solicitar al Responsable el borrado de sus datos personales cuando, entre otros motivos, los datos ya no sean necesarios para los fines para los que fueron recogidos.<\/li><li><em><u>Derecho de oposici\u00f3n<\/u><\/em>: el interesado podr\u00e1 oponerse a que el Responsable realice un tratamiento de sus datos personales.<\/li><li><em><u>Derecho a la limitaci\u00f3n del tratamiento<\/u><\/em>: el interesado podr\u00e1 solicitar al Responsable que temporalmente no trate sus datos personales en unos supuestos concretos.<\/li><li><em><u>Derecho a la portabilidad:<\/u><\/em>\u00a0el interesado podr\u00e1 solicitar al Responsable sus datos automatizados en un formato estructurado de f\u00e1cil acceso y manejo.<\/li><\/ul><p><strong>\u00bfC\u00f3mo se pueden ejercer los derechos?<\/strong><\/p><p>Mediante un escrito dirigido a AMADOR VARAS, S.A, Carrer Torrent Vallmajor, 90 \u2013 08915 Badalona (Barcelona).<\/p><p><strong>\u00bfQu\u00e9 v\u00edas de reclamaci\u00f3n existen?<\/strong><\/p><p>Si considera que sus derechos no se han atendido debidamente, tiene derecho a presentar una reclamaci\u00f3n ante\u00a0 la Agencia Espa\u00f1ola de Protecci\u00f3n de Datos, C\/ Jorge Juan, 6. 28001 \u2013 Madrid.<\/p>\t\t\t\t\t\t\t\t<\/div>\n\t\t\t\t<\/div>\n\t\t\t\t\t<\/div>\n\t\t<\/div>\n\t\t\t\t\t<\/div>\n\t\t<\/section>\n\t\t\t\t<\/div>\n\t\t","protected":false},"excerpt":{"rendered":"<p>Pol\u00edticas de Privacidad POL\u00cdTICA DE PRIVACIDAD Y PROTECCI\u00d3N DE DATOS DE CAR\u00c1CTER PERSONAL DE Amador Varas S. A. TRATAMIENTOS DE DATOS PERSONALES En cumplimiento de lo establecido en la normativa aplicable de Protecci\u00f3n de Datos, le informamos que los datos que ser\u00e1n tratados como Responsable por AMADOR VARAS, S.A., cuya finalidad del tratamiento es la [&hellip;]<\/p>\n","protected":false},"author":1,"featured_media":0,"parent":0,"menu_order":0,"comment_status":"closed","ping_status":"open","template":"","meta":{"inline_featured_image":false,"footnotes":""},"class_list":["post-1299","page","type-page","status-publish","hentry"],"yoast_head":"<!-- This site is optimized with the Yoast SEO plugin v27.2 - https:\/\/yoast.com\/product\/yoast-seo-wordpress\/ -->\n<title>Pol\u00edtica de privacidad de nuestra p\u00e1gina web &#187; Varas Group<\/title>\n<meta name=\"description\" content=\"Si quieres conocer cu\u00e1l es la pol\u00edtica de privacidad de la presente p\u00e1gina web presente, aqu\u00ed podr\u00e1s consultarla.\" \/>\n<meta name=\"robots\" content=\"index, follow, max-snippet:-1, max-image-preview:large, max-video-preview:-1\" \/>\n<link rel=\"canonical\" href=\"https:\/\/varas-group.com\/en\/politica-privacidad\/\" \/>\n<meta property=\"og:locale\" content=\"en_US\" \/>\n<meta property=\"og:type\" content=\"article\" \/>\n<meta property=\"og:title\" content=\"Pol\u00edtica de privacidad de nuestra p\u00e1gina web &#187; Varas Group\" \/>\n<meta property=\"og:description\" content=\"Si quieres conocer cu\u00e1l es la pol\u00edtica de privacidad de la presente p\u00e1gina web presente, aqu\u00ed podr\u00e1s consultarla.\" \/>\n<meta property=\"og:url\" content=\"https:\/\/varas-group.com\/en\/politica-privacidad\/\" \/>\n<meta property=\"og:site_name\" content=\"Varas Group\" \/>\n<meta property=\"article:modified_time\" content=\"2025-10-10T08:28:23+00:00\" \/>\n<meta name=\"twitter:card\" content=\"summary_large_image\" \/>\n<meta name=\"twitter:label1\" content=\"Est. reading time\" \/>\n\t<meta name=\"twitter:data1\" content=\"9 minutes\" \/>\n<script type=\"application\/ld+json\" class=\"yoast-schema-graph\">{\"@context\":\"https:\/\/schema.org\",\"@graph\":[{\"@type\":\"WebPage\",\"@id\":\"https:\/\/varas-group.com\/en\/politica-privacidad\/\",\"url\":\"https:\/\/varas-group.com\/en\/politica-privacidad\/\",\"name\":\"Pol\u00edtica de privacidad de nuestra p\u00e1gina web &#187; Varas Group\",\"isPartOf\":{\"@id\":\"https:\/\/varas-group.com\/en\/#website\"},\"datePublished\":\"2021-04-22T11:29:08+00:00\",\"dateModified\":\"2025-10-10T08:28:23+00:00\",\"description\":\"Si quieres conocer cu\u00e1l es la pol\u00edtica de privacidad de la presente p\u00e1gina web presente, aqu\u00ed podr\u00e1s consultarla.\",\"breadcrumb\":{\"@id\":\"https:\/\/varas-group.com\/en\/politica-privacidad\/#breadcrumb\"},\"inLanguage\":\"en-US\",\"potentialAction\":[{\"@type\":\"ReadAction\",\"target\":[\"https:\/\/varas-group.com\/en\/politica-privacidad\/\"]}]},{\"@type\":\"BreadcrumbList\",\"@id\":\"https:\/\/varas-group.com\/en\/politica-privacidad\/#breadcrumb\",\"itemListElement\":[{\"@type\":\"ListItem\",\"position\":1,\"name\":\"Inicio\",\"item\":\"https:\/\/varas-group.com\/en\/home-2\/\"},{\"@type\":\"ListItem\",\"position\":2,\"name\":\"Pol\u00edtica de privacidad\"}]},{\"@type\":\"WebSite\",\"@id\":\"https:\/\/varas-group.com\/en\/#website\",\"url\":\"https:\/\/varas-group.com\/en\/\",\"name\":\"Varas Group\",\"description\":\"You propose. We create.\",\"publisher\":{\"@id\":\"https:\/\/varas-group.com\/en\/#organization\"},\"potentialAction\":[{\"@type\":\"SearchAction\",\"target\":{\"@type\":\"EntryPoint\",\"urlTemplate\":\"https:\/\/varas-group.com\/en\/?s={search_term_string}\"},\"query-input\":{\"@type\":\"PropertyValueSpecification\",\"valueRequired\":true,\"valueName\":\"search_term_string\"}}],\"inLanguage\":\"en-US\"},{\"@type\":\"Organization\",\"@id\":\"https:\/\/varas-group.com\/en\/#organization\",\"name\":\"Varas Group\",\"url\":\"https:\/\/varas-group.com\/en\/\",\"logo\":{\"@type\":\"ImageObject\",\"inLanguage\":\"en-US\",\"@id\":\"https:\/\/varas-group.com\/en\/#\/schema\/logo\/image\/\",\"url\":\"https:\/\/varas-group.com\/wp-content\/uploads\/2021\/04\/logo-varas-orig.svg\",\"contentUrl\":\"https:\/\/varas-group.com\/wp-content\/uploads\/2021\/04\/logo-varas-orig.svg\",\"width\":\"1024\",\"height\":\"1024\",\"caption\":\"Varas Group\"},\"image\":{\"@id\":\"https:\/\/varas-group.com\/en\/#\/schema\/logo\/image\/\"}}]}<\/script>\n<!-- \/ Yoast SEO plugin. -->","yoast_head_json":{"title":"Pol\u00edtica de privacidad de nuestra p\u00e1gina web &#187; Varas Group","description":"Si quieres conocer cu\u00e1l es la pol\u00edtica de privacidad de la presente p\u00e1gina web presente, aqu\u00ed podr\u00e1s consultarla.","robots":{"index":"index","follow":"follow","max-snippet":"max-snippet:-1","max-image-preview":"max-image-preview:large","max-video-preview":"max-video-preview:-1"},"canonical":"https:\/\/varas-group.com\/en\/politica-privacidad\/","og_locale":"en_US","og_type":"article","og_title":"Pol\u00edtica de privacidad de nuestra p\u00e1gina web &#187; Varas Group","og_description":"Si quieres conocer cu\u00e1l es la pol\u00edtica de privacidad de la presente p\u00e1gina web presente, aqu\u00ed podr\u00e1s consultarla.","og_url":"https:\/\/varas-group.com\/en\/politica-privacidad\/","og_site_name":"Varas Group","article_modified_time":"2025-10-10T08:28:23+00:00","twitter_card":"summary_large_image","twitter_misc":{"Est. reading time":"9 minutes"},"schema":{"@context":"https:\/\/schema.org","@graph":[{"@type":"WebPage","@id":"https:\/\/varas-group.com\/en\/politica-privacidad\/","url":"https:\/\/varas-group.com\/en\/politica-privacidad\/","name":"Pol\u00edtica de privacidad de nuestra p\u00e1gina web &#187; Varas Group","isPartOf":{"@id":"https:\/\/varas-group.com\/en\/#website"},"datePublished":"2021-04-22T11:29:08+00:00","dateModified":"2025-10-10T08:28:23+00:00","description":"Si quieres conocer cu\u00e1l es la pol\u00edtica de privacidad de la presente p\u00e1gina web presente, aqu\u00ed podr\u00e1s consultarla.","breadcrumb":{"@id":"https:\/\/varas-group.com\/en\/politica-privacidad\/#breadcrumb"},"inLanguage":"en-US","potentialAction":[{"@type":"ReadAction","target":["https:\/\/varas-group.com\/en\/politica-privacidad\/"]}]},{"@type":"BreadcrumbList","@id":"https:\/\/varas-group.com\/en\/politica-privacidad\/#breadcrumb","itemListElement":[{"@type":"ListItem","position":1,"name":"Inicio","item":"https:\/\/varas-group.com\/en\/home-2\/"},{"@type":"ListItem","position":2,"name":"Pol\u00edtica de privacidad"}]},{"@type":"WebSite","@id":"https:\/\/varas-group.com\/en\/#website","url":"https:\/\/varas-group.com\/en\/","name":"Varas Group","description":"You propose. We create.","publisher":{"@id":"https:\/\/varas-group.com\/en\/#organization"},"potentialAction":[{"@type":"SearchAction","target":{"@type":"EntryPoint","urlTemplate":"https:\/\/varas-group.com\/en\/?s={search_term_string}"},"query-input":{"@type":"PropertyValueSpecification","valueRequired":true,"valueName":"search_term_string"}}],"inLanguage":"en-US"},{"@type":"Organization","@id":"https:\/\/varas-group.com\/en\/#organization","name":"Varas Group","url":"https:\/\/varas-group.com\/en\/","logo":{"@type":"ImageObject","inLanguage":"en-US","@id":"https:\/\/varas-group.com\/en\/#\/schema\/logo\/image\/","url":"https:\/\/varas-group.com\/wp-content\/uploads\/2021\/04\/logo-varas-orig.svg","contentUrl":"https:\/\/varas-group.com\/wp-content\/uploads\/2021\/04\/logo-varas-orig.svg","width":"1024","height":"1024","caption":"Varas Group"},"image":{"@id":"https:\/\/varas-group.com\/en\/#\/schema\/logo\/image\/"}}]}},"_links":{"self":[{"href":"https:\/\/varas-group.com\/en\/wp-json\/wp\/v2\/pages\/1299","targetHints":{"allow":["GET"]}}],"collection":[{"href":"https:\/\/varas-group.com\/en\/wp-json\/wp\/v2\/pages"}],"about":[{"href":"https:\/\/varas-group.com\/en\/wp-json\/wp\/v2\/types\/page"}],"author":[{"embeddable":true,"href":"https:\/\/varas-group.com\/en\/wp-json\/wp\/v2\/users\/1"}],"replies":[{"embeddable":true,"href":"https:\/\/varas-group.com\/en\/wp-json\/wp\/v2\/comments?post=1299"}],"version-history":[{"count":29,"href":"https:\/\/varas-group.com\/en\/wp-json\/wp\/v2\/pages\/1299\/revisions"}],"predecessor-version":[{"id":2137,"href":"https:\/\/varas-group.com\/en\/wp-json\/wp\/v2\/pages\/1299\/revisions\/2137"}],"wp:attachment":[{"href":"https:\/\/varas-group.com\/en\/wp-json\/wp\/v2\/media?parent=1299"}],"curies":[{"name":"wp","href":"https:\/\/api.w.org\/{rel}","templated":true}]}}