{"id":1296,"date":"2021-05-27T14:22:05","date_gmt":"2021-05-27T14:22:05","guid":{"rendered":"https:\/\/varas-group.com\/aviso-legal\/"},"modified":"2025-10-10T08:27:03","modified_gmt":"2025-10-10T08:27:03","slug":"aviso-legal","status":"publish","type":"page","link":"https:\/\/varas-group.com\/en\/aviso-legal\/","title":{"rendered":"Aviso Legal"},"content":{"rendered":"\t\t<div data-elementor-type=\"wp-page\" data-elementor-id=\"1296\" class=\"elementor elementor-1296 elementor-1085\" data-elementor-post-type=\"page\">\n\t\t\t\t\t\t<section class=\"elementor-section elementor-top-section elementor-element elementor-element-876674c elementor-section-boxed elementor-section-height-default elementor-section-height-default\" data-id=\"876674c\" data-element_type=\"section\" data-e-type=\"section\" data-settings=\"{&quot;background_background&quot;:&quot;classic&quot;}\">\n\t\t\t\t\t\t<div class=\"elementor-container elementor-column-gap-default\">\n\t\t\t\t\t<div class=\"elementor-column elementor-col-100 elementor-top-column elementor-element elementor-element-fa0fa03\" data-id=\"fa0fa03\" data-element_type=\"column\" data-e-type=\"column\">\n\t\t\t<div class=\"elementor-widget-wrap elementor-element-populated\">\n\t\t\t\t\t\t<div class=\"elementor-element elementor-element-b64bd90 elementor-widget elementor-widget-heading\" data-id=\"b64bd90\" data-element_type=\"widget\" data-e-type=\"widget\" data-widget_type=\"heading.default\">\n\t\t\t\t<div class=\"elementor-widget-container\">\n\t\t\t\t\t<h2 class=\"elementor-heading-title elementor-size-default\">AVISO LEGAL<\/h2>\t\t\t\t<\/div>\n\t\t\t\t<\/div>\n\t\t\t\t<div class=\"elementor-element elementor-element-1b6d864a elementor-widget elementor-widget-text-editor\" data-id=\"1b6d864a\" data-element_type=\"widget\" data-e-type=\"widget\" data-widget_type=\"text-editor.default\">\n\t\t\t\t<div class=\"elementor-widget-container\">\n\t\t\t\t\t\t\t\t\t<p><b><u>TERMINOS GENERALES DE USO DE\u00a0www.varas-group.com<\/u><\/b><\/p><p>El acceso a los contenidos de las secciones de nuestra Web, se har\u00e1 de acuerdo a la pol\u00edtica que establezca la entidad. Asimismo <strong>AMADOR VARAS, S.A.<\/strong> podr\u00e1 modificar, en cualquier momento y sin previo aviso, la informaci\u00f3n contenida en el sitio Web, por lo que la entidad no se responsabiliza de que esa informaci\u00f3n est\u00e9 actualizada.<\/p><p><b><u>RESPONSABILIDAD DE AMADOR VARAS, S.A.<\/u><\/b><\/p><p>Tanto el acceso a esta Web como el uso que pueda hacerse de la informaci\u00f3n contenida en el mismo es de la exclusiva responsabilidad de quien lo realiza.<\/p><p><strong>AMADOR VARAS, S.A.<\/strong> no responder\u00e1 de ninguna consecuencia, da\u00f1o o perjuicio que pudieran derivarse de dicho acceso o uso de la informaci\u00f3n. <strong>AMADOR VARAS, S.A.<\/strong> no se hace responsable de los posibles errores de seguridad que se puedan producir ni de los posibles da\u00f1os que puedan causarse al sistema inform\u00e1tico del usuario (hardware y software), los ficheros o documentos almacenados en el mismo, como consecuencia de la presencia de virus en el ordenador del usuario utilizado para la conexi\u00f3n a los servicios y contenidos de la Web, de un mal funcionamiento del navegador o del uso de versiones no actualizadas del mismo.<\/p><p>Por tanto El usuario acepta, de forma expresa y sin reservas, que el acceso y la utilizaci\u00f3n del portal, se hace bajo su \u00fanica y exclusiva responsabilidad.<\/p><p>En virtud de la Ley 34\/2002 de 11 de julio de Servicios de la Sociedad de la Informaci\u00f3n y Comercio Electr\u00f3nico, para cualquier controversia que pudiera surgir ser\u00e1 de aplicaci\u00f3n la legislaci\u00f3n espa\u00f1ola. El usuario responder\u00e1, en cualquier caso, de la veracidad de los datos facilitados, reserv\u00e1ndose <strong>AMADOR VARAS, S.A.<\/strong> el derecho a excluir de los servicios registrados a todo usuario que haya facilitado datos falsos, sin prejuicio de las dem\u00e1s acciones que procedan en Derecho.<\/p><p><b><u>PROPIEDAD INTELECTUAL<\/u><\/b><\/p><p><strong>AMADOR VARAS, S.A.<\/strong> es propietario y\/o licenciatario, de toda la informaci\u00f3n contenida en este portal, de su dise\u00f1o gr\u00e1fico, im\u00e1genes, bases de datos, \u00edndices, c\u00f3digos fuentes, marcas y logotipos, estando protegidos conforme a lo dispuesto en la Ley de Propiedad Intelectual, y, en la Ley de Marcas.<\/p><p>Su puesta a disposici\u00f3n y uso, no supone, en ning\u00fan caso, la cesi\u00f3n de su titularidad o la concesi\u00f3n de un derecho de uso a favor del Usuario, por lo que toda reproducci\u00f3n, copia, distribuci\u00f3n total o parcial, o, comercializaci\u00f3n, requerir\u00e1 la autorizaci\u00f3n previa y escrita de <strong>AMADOR VARAS, S.A.<\/strong>, reserv\u00e1ndose la entidad, en caso de uso indebido del Website, el derecho a ejercitar cuantas acciones legales fueran precisas para la restituci\u00f3n de los da\u00f1os y perjuicios causados, asimismo el usuario se obliga a indemnizar a la entidad por cualquier da\u00f1o o perjuicio que pudiera ocasionar por el uso de esta Web, infringiendo estas condiciones generales y\/o la legalidad vigente.<\/p><p><b><u>LINKS, BANNERS<\/u><\/b><\/p><p>La inclusi\u00f3n en el portal\u00a0<b><u>www.varas-group.com<\/u><\/b> de links o enlaces con otros portales, tiene una finalidad meramente informativa, y no supone que <strong>AMADOR VARAS, S.A.<\/strong> recomiende y\/o garantice dichos portales, sobre los que no ejerce control alguno, ni es responsable del contenido de los mismos.<\/p><p><b>AMADOR VARAS, S.A. <\/b><\/p><p><b>CIF:\u00a0A08908857<\/b><\/p><p><b>Direcci\u00f3n<\/b>: Carrer Torrent Vallmajor, 90<\/p><p><b>C.P: <\/b>08915<\/p><p><b>Localidad:<\/b>\u00a0Badalona<\/p><p><b>Provincia:<\/b>\u00a0Barcelona<\/p><p><b>e-mail:<\/b>\u00a0<a href=\"mailto:varas@amador-varas.com\">varas@amador-varas.com<\/a><\/p><p><b>N\u00ba inscripci\u00f3n en el registro mercantil de Barcelona:\u00a0<\/b>T. 7195, I. 6468, Sec. 2. 2\u00aaF. 1, H. 87274, INSCRIP. 1. \u00aa<\/p>\t\t\t\t\t\t\t\t<\/div>\n\t\t\t\t<\/div>\n\t\t\t\t\t<\/div>\n\t\t<\/div>\n\t\t\t\t\t<\/div>\n\t\t<\/section>\n\t\t\t\t<\/div>\n\t\t","protected":false},"excerpt":{"rendered":"<p>AVISO LEGAL TERMINOS GENERALES DE USO DE\u00a0www.varas-group.com El acceso a los contenidos de las secciones de nuestra Web, se har\u00e1 de acuerdo a la pol\u00edtica que establezca la entidad. Asimismo AMADOR VARAS, S.A. podr\u00e1 modificar, en cualquier momento y sin previo aviso, la informaci\u00f3n contenida en el sitio Web, por lo que la entidad no [&hellip;]<\/p>\n","protected":false},"author":1,"featured_media":0,"parent":0,"menu_order":0,"comment_status":"closed","ping_status":"open","template":"","meta":{"inline_featured_image":false,"footnotes":""},"class_list":["post-1296","page","type-page","status-publish","hentry"],"yoast_head":"<!-- This site is optimized with the Yoast SEO plugin v27.2 - https:\/\/yoast.com\/product\/yoast-seo-wordpress\/ -->\n<title>Aviso Legal &#187; Varas Group<\/title>\n<meta name=\"description\" content=\"Aqu\u00ed puedes consultar el Aviso Legal que rige la presenta p\u00e1gina web de Vara Gruoup.\" \/>\n<meta name=\"robots\" content=\"index, follow, max-snippet:-1, max-image-preview:large, max-video-preview:-1\" \/>\n<link rel=\"canonical\" href=\"https:\/\/varas-group.com\/en\/aviso-legal\/\" \/>\n<meta property=\"og:locale\" content=\"en_US\" \/>\n<meta property=\"og:type\" content=\"article\" \/>\n<meta property=\"og:title\" content=\"Aviso Legal &#187; Varas Group\" \/>\n<meta property=\"og:description\" content=\"Aqu\u00ed puedes consultar el Aviso Legal que rige la presenta p\u00e1gina web de Vara Gruoup.\" \/>\n<meta property=\"og:url\" content=\"https:\/\/varas-group.com\/en\/aviso-legal\/\" \/>\n<meta property=\"og:site_name\" content=\"Varas Group\" \/>\n<meta property=\"article:modified_time\" content=\"2025-10-10T08:27:03+00:00\" \/>\n<meta name=\"twitter:card\" content=\"summary_large_image\" \/>\n<meta name=\"twitter:label1\" content=\"Est. reading time\" \/>\n\t<meta name=\"twitter:data1\" content=\"3 minutes\" \/>\n<script type=\"application\/ld+json\" class=\"yoast-schema-graph\">{\"@context\":\"https:\/\/schema.org\",\"@graph\":[{\"@type\":\"WebPage\",\"@id\":\"https:\/\/varas-group.com\/en\/aviso-legal\/\",\"url\":\"https:\/\/varas-group.com\/en\/aviso-legal\/\",\"name\":\"Aviso Legal &#187; Varas Group\",\"isPartOf\":{\"@id\":\"https:\/\/varas-group.com\/en\/#website\"},\"datePublished\":\"2021-05-27T14:22:05+00:00\",\"dateModified\":\"2025-10-10T08:27:03+00:00\",\"description\":\"Aqu\u00ed puedes consultar el Aviso Legal que rige la presenta p\u00e1gina web de Vara Gruoup.\",\"breadcrumb\":{\"@id\":\"https:\/\/varas-group.com\/en\/aviso-legal\/#breadcrumb\"},\"inLanguage\":\"en-US\",\"potentialAction\":[{\"@type\":\"ReadAction\",\"target\":[\"https:\/\/varas-group.com\/en\/aviso-legal\/\"]}]},{\"@type\":\"BreadcrumbList\",\"@id\":\"https:\/\/varas-group.com\/en\/aviso-legal\/#breadcrumb\",\"itemListElement\":[{\"@type\":\"ListItem\",\"position\":1,\"name\":\"Inicio\",\"item\":\"https:\/\/varas-group.com\/en\/home-2\/\"},{\"@type\":\"ListItem\",\"position\":2,\"name\":\"Aviso Legal\"}]},{\"@type\":\"WebSite\",\"@id\":\"https:\/\/varas-group.com\/en\/#website\",\"url\":\"https:\/\/varas-group.com\/en\/\",\"name\":\"Varas Group\",\"description\":\"You propose. We create.\",\"publisher\":{\"@id\":\"https:\/\/varas-group.com\/en\/#organization\"},\"potentialAction\":[{\"@type\":\"SearchAction\",\"target\":{\"@type\":\"EntryPoint\",\"urlTemplate\":\"https:\/\/varas-group.com\/en\/?s={search_term_string}\"},\"query-input\":{\"@type\":\"PropertyValueSpecification\",\"valueRequired\":true,\"valueName\":\"search_term_string\"}}],\"inLanguage\":\"en-US\"},{\"@type\":\"Organization\",\"@id\":\"https:\/\/varas-group.com\/en\/#organization\",\"name\":\"Varas Group\",\"url\":\"https:\/\/varas-group.com\/en\/\",\"logo\":{\"@type\":\"ImageObject\",\"inLanguage\":\"en-US\",\"@id\":\"https:\/\/varas-group.com\/en\/#\/schema\/logo\/image\/\",\"url\":\"https:\/\/varas-group.com\/wp-content\/uploads\/2021\/04\/logo-varas-orig.svg\",\"contentUrl\":\"https:\/\/varas-group.com\/wp-content\/uploads\/2021\/04\/logo-varas-orig.svg\",\"width\":\"1024\",\"height\":\"1024\",\"caption\":\"Varas Group\"},\"image\":{\"@id\":\"https:\/\/varas-group.com\/en\/#\/schema\/logo\/image\/\"}}]}<\/script>\n<!-- \/ Yoast SEO plugin. -->","yoast_head_json":{"title":"Aviso Legal &#187; Varas Group","description":"Aqu\u00ed puedes consultar el Aviso Legal que rige la presenta p\u00e1gina web de Vara Gruoup.","robots":{"index":"index","follow":"follow","max-snippet":"max-snippet:-1","max-image-preview":"max-image-preview:large","max-video-preview":"max-video-preview:-1"},"canonical":"https:\/\/varas-group.com\/en\/aviso-legal\/","og_locale":"en_US","og_type":"article","og_title":"Aviso Legal &#187; Varas Group","og_description":"Aqu\u00ed puedes consultar el Aviso Legal que rige la presenta p\u00e1gina web de Vara Gruoup.","og_url":"https:\/\/varas-group.com\/en\/aviso-legal\/","og_site_name":"Varas Group","article_modified_time":"2025-10-10T08:27:03+00:00","twitter_card":"summary_large_image","twitter_misc":{"Est. reading time":"3 minutes"},"schema":{"@context":"https:\/\/schema.org","@graph":[{"@type":"WebPage","@id":"https:\/\/varas-group.com\/en\/aviso-legal\/","url":"https:\/\/varas-group.com\/en\/aviso-legal\/","name":"Aviso Legal &#187; Varas Group","isPartOf":{"@id":"https:\/\/varas-group.com\/en\/#website"},"datePublished":"2021-05-27T14:22:05+00:00","dateModified":"2025-10-10T08:27:03+00:00","description":"Aqu\u00ed puedes consultar el Aviso Legal que rige la presenta p\u00e1gina web de Vara Gruoup.","breadcrumb":{"@id":"https:\/\/varas-group.com\/en\/aviso-legal\/#breadcrumb"},"inLanguage":"en-US","potentialAction":[{"@type":"ReadAction","target":["https:\/\/varas-group.com\/en\/aviso-legal\/"]}]},{"@type":"BreadcrumbList","@id":"https:\/\/varas-group.com\/en\/aviso-legal\/#breadcrumb","itemListElement":[{"@type":"ListItem","position":1,"name":"Inicio","item":"https:\/\/varas-group.com\/en\/home-2\/"},{"@type":"ListItem","position":2,"name":"Aviso Legal"}]},{"@type":"WebSite","@id":"https:\/\/varas-group.com\/en\/#website","url":"https:\/\/varas-group.com\/en\/","name":"Varas Group","description":"You propose. We create.","publisher":{"@id":"https:\/\/varas-group.com\/en\/#organization"},"potentialAction":[{"@type":"SearchAction","target":{"@type":"EntryPoint","urlTemplate":"https:\/\/varas-group.com\/en\/?s={search_term_string}"},"query-input":{"@type":"PropertyValueSpecification","valueRequired":true,"valueName":"search_term_string"}}],"inLanguage":"en-US"},{"@type":"Organization","@id":"https:\/\/varas-group.com\/en\/#organization","name":"Varas Group","url":"https:\/\/varas-group.com\/en\/","logo":{"@type":"ImageObject","inLanguage":"en-US","@id":"https:\/\/varas-group.com\/en\/#\/schema\/logo\/image\/","url":"https:\/\/varas-group.com\/wp-content\/uploads\/2021\/04\/logo-varas-orig.svg","contentUrl":"https:\/\/varas-group.com\/wp-content\/uploads\/2021\/04\/logo-varas-orig.svg","width":"1024","height":"1024","caption":"Varas Group"},"image":{"@id":"https:\/\/varas-group.com\/en\/#\/schema\/logo\/image\/"}}]}},"_links":{"self":[{"href":"https:\/\/varas-group.com\/en\/wp-json\/wp\/v2\/pages\/1296","targetHints":{"allow":["GET"]}}],"collection":[{"href":"https:\/\/varas-group.com\/en\/wp-json\/wp\/v2\/pages"}],"about":[{"href":"https:\/\/varas-group.com\/en\/wp-json\/wp\/v2\/types\/page"}],"author":[{"embeddable":true,"href":"https:\/\/varas-group.com\/en\/wp-json\/wp\/v2\/users\/1"}],"replies":[{"embeddable":true,"href":"https:\/\/varas-group.com\/en\/wp-json\/wp\/v2\/comments?post=1296"}],"version-history":[{"count":13,"href":"https:\/\/varas-group.com\/en\/wp-json\/wp\/v2\/pages\/1296\/revisions"}],"predecessor-version":[{"id":2131,"href":"https:\/\/varas-group.com\/en\/wp-json\/wp\/v2\/pages\/1296\/revisions\/2131"}],"wp:attachment":[{"href":"https:\/\/varas-group.com\/en\/wp-json\/wp\/v2\/media?parent=1296"}],"curies":[{"name":"wp","href":"https:\/\/api.w.org\/{rel}","templated":true}]}}