{"id":1267,"date":"2021-04-28T09:09:35","date_gmt":"2021-04-28T09:09:35","guid":{"rendered":"https:\/\/varas-group.com\/varas-hard-metal\/"},"modified":"2023-11-10T06:56:37","modified_gmt":"2023-11-10T06:56:37","slug":"varas-hard-metal","status":"publish","type":"page","link":"https:\/\/varas-group.com\/en\/varas-hard-metal\/","title":{"rendered":"Varas Hard Metal"},"content":{"rendered":"\t\t<div data-elementor-type=\"wp-page\" data-elementor-id=\"1267\" class=\"elementor elementor-1267 elementor-588\" data-elementor-post-type=\"page\">\n\t\t\t\t\t\t<section class=\"elementor-section elementor-top-section elementor-element elementor-element-db1a2f4 elementor-section-height-min-height elementor-section-boxed elementor-section-height-default elementor-section-items-middle\" data-id=\"db1a2f4\" data-element_type=\"section\" data-e-type=\"section\" data-settings=\"{&quot;background_background&quot;:&quot;classic&quot;}\">\n\t\t\t\t\t\t\t<div class=\"elementor-background-overlay\"><\/div>\n\t\t\t\t\t\t\t<div class=\"elementor-container elementor-column-gap-default\">\n\t\t\t\t\t<div class=\"elementor-column elementor-col-33 elementor-top-column elementor-element elementor-element-72095ef\" data-id=\"72095ef\" data-element_type=\"column\" data-e-type=\"column\">\n\t\t\t<div class=\"elementor-widget-wrap\">\n\t\t\t\t\t\t\t<\/div>\n\t\t<\/div>\n\t\t\t\t<div class=\"elementor-column elementor-col-33 elementor-top-column elementor-element elementor-element-2109092\" data-id=\"2109092\" data-element_type=\"column\" data-e-type=\"column\">\n\t\t\t<div class=\"elementor-widget-wrap elementor-element-populated\">\n\t\t\t\t\t\t<div class=\"elementor-element elementor-element-7791b27 elementor-invisible elementor-widget elementor-widget-image\" data-id=\"7791b27\" data-element_type=\"widget\" data-e-type=\"widget\" data-settings=\"{&quot;_animation&quot;:&quot;fadeInDown&quot;}\" data-widget_type=\"image.default\">\n\t\t\t\t<div class=\"elementor-widget-container\">\n\t\t\t\t\t\t\t\t\t\t\t\t\t\t\t<img fetchpriority=\"high\" decoding=\"async\" width=\"800\" height=\"800\" src=\"https:\/\/varas-group.com\/wp-content\/uploads\/2021\/04\/avaras-logo-blanco.svg\" class=\"attachment-large size-large wp-image-1112\" alt=\"\" \/>\t\t\t\t\t\t\t\t\t\t\t\t\t\t\t<\/div>\n\t\t\t\t<\/div>\n\t\t\t\t<div class=\"elementor-element elementor-element-36ea95c elementor-invisible elementor-widget elementor-widget-heading\" data-id=\"36ea95c\" data-element_type=\"widget\" data-e-type=\"widget\" data-settings=\"{&quot;_animation&quot;:&quot;fadeIn&quot;}\" data-widget_type=\"heading.default\">\n\t\t\t\t<div class=\"elementor-widget-container\">\n\t\t\t\t\t<h1 class=\"elementor-heading-title elementor-size-default\">Varas Hard Metal<\/h1>\t\t\t\t<\/div>\n\t\t\t\t<\/div>\n\t\t\t\t<div class=\"elementor-element elementor-element-6edabac elementor-widget-divider--view-line elementor-widget elementor-widget-divider\" data-id=\"6edabac\" data-element_type=\"widget\" data-e-type=\"widget\" data-widget_type=\"divider.default\">\n\t\t\t\t<div class=\"elementor-widget-container\">\n\t\t\t\t\t\t\t<div class=\"elementor-divider\">\n\t\t\t<span class=\"elementor-divider-separator\">\n\t\t\t\t\t\t<\/span>\n\t\t<\/div>\n\t\t\t\t\t\t<\/div>\n\t\t\t\t<\/div>\n\t\t\t\t<div class=\"elementor-element elementor-element-295cb5c elementor-invisible elementor-widget elementor-widget-heading\" data-id=\"295cb5c\" data-element_type=\"widget\" data-e-type=\"widget\" data-settings=\"{&quot;_animation&quot;:&quot;fadeIn&quot;}\" data-widget_type=\"heading.default\">\n\t\t\t\t<div class=\"elementor-widget-container\">\n\t\t\t\t\t<h2 class=\"elementor-heading-title elementor-size-default\">Tungsten Carbide parts and Ceramic tools<\/h2>\t\t\t\t<\/div>\n\t\t\t\t<\/div>\n\t\t\t\t\t<\/div>\n\t\t<\/div>\n\t\t\t\t<div class=\"elementor-column elementor-col-33 elementor-top-column elementor-element elementor-element-68a8c27\" data-id=\"68a8c27\" data-element_type=\"column\" data-e-type=\"column\">\n\t\t\t<div class=\"elementor-widget-wrap\">\n\t\t\t\t\t\t\t<\/div>\n\t\t<\/div>\n\t\t\t\t\t<\/div>\n\t\t<\/section>\n\t\t\t\t<section class=\"elementor-section elementor-top-section elementor-element elementor-element-b4fcfe2 elementor-section-boxed elementor-section-height-default elementor-section-height-default\" data-id=\"b4fcfe2\" data-element_type=\"section\" data-e-type=\"section\" data-settings=\"{&quot;background_background&quot;:&quot;classic&quot;}\">\n\t\t\t\t\t\t<div class=\"elementor-container elementor-column-gap-default\">\n\t\t\t\t\t<div class=\"elementor-column elementor-col-33 elementor-top-column elementor-element elementor-element-a34d70b\" data-id=\"a34d70b\" data-element_type=\"column\" data-e-type=\"column\">\n\t\t\t<div class=\"elementor-widget-wrap\">\n\t\t\t\t\t\t\t<\/div>\n\t\t<\/div>\n\t\t\t\t<div class=\"elementor-column elementor-col-33 elementor-top-column elementor-element elementor-element-cf5f9cf\" data-id=\"cf5f9cf\" data-element_type=\"column\" data-e-type=\"column\">\n\t\t\t<div class=\"elementor-widget-wrap elementor-element-populated\">\n\t\t\t\t\t\t<div class=\"elementor-element elementor-element-a5ffef4 elementor-widget elementor-widget-heading\" data-id=\"a5ffef4\" data-element_type=\"widget\" data-e-type=\"widget\" data-widget_type=\"heading.default\">\n\t\t\t\t<div class=\"elementor-widget-container\">\n\t\t\t\t\t<h3 class=\"elementor-heading-title elementor-size-default\">Design and manufacture\nof Tungsten Carbide\nand Ceramic tools.<\/h3>\t\t\t\t<\/div>\n\t\t\t\t<\/div>\n\t\t\t\t<div class=\"elementor-element elementor-element-3c8192d elementor-widget elementor-widget-text-editor\" data-id=\"3c8192d\" data-element_type=\"widget\" data-e-type=\"widget\" data-widget_type=\"text-editor.default\">\n\t\t\t\t<div class=\"elementor-widget-container\">\n\t\t\t\t\t\t\t\t\t<p>This Company born with the idea of being able to supply and offer <strong>Tungsten Carbide and Ceramic parts <\/strong>in the different markets to which clients belong and where the application of the use of these materials is needed.<\/p><p>A staff with extensive experience in the manufacture ofparts of this sector and with the ability to provide technical solutions in collaboration with the customers.<\/p>\t\t\t\t\t\t\t\t<\/div>\n\t\t\t\t<\/div>\n\t\t\t\t\t<\/div>\n\t\t<\/div>\n\t\t\t\t<div class=\"elementor-column elementor-col-33 elementor-top-column elementor-element elementor-element-f402717\" data-id=\"f402717\" data-element_type=\"column\" data-e-type=\"column\">\n\t\t\t<div class=\"elementor-widget-wrap\">\n\t\t\t\t\t\t\t<\/div>\n\t\t<\/div>\n\t\t\t\t\t<\/div>\n\t\t<\/section>\n\t\t\t\t<section class=\"elementor-section elementor-top-section elementor-element elementor-element-9f2c5d3 elementor-section-boxed elementor-section-height-default elementor-section-height-default\" data-id=\"9f2c5d3\" data-element_type=\"section\" data-e-type=\"section\" data-settings=\"{&quot;background_background&quot;:&quot;classic&quot;}\">\n\t\t\t\t\t\t<div class=\"elementor-container elementor-column-gap-default\">\n\t\t\t\t\t<div class=\"elementor-column elementor-col-33 elementor-top-column elementor-element elementor-element-c895f3d\" data-id=\"c895f3d\" data-element_type=\"column\" data-e-type=\"column\" data-settings=\"{&quot;background_background&quot;:&quot;classic&quot;}\">\n\t\t\t<div class=\"elementor-widget-wrap elementor-element-populated\">\n\t\t\t\t\t\t<div class=\"elementor-element elementor-element-5599836 elementor--h-position-center elementor--v-position-middle elementor-arrows-position-inside elementor-pagination-position-inside elementor-widget elementor-widget-slides\" data-id=\"5599836\" data-element_type=\"widget\" data-e-type=\"widget\" data-settings=\"{&quot;navigation&quot;:&quot;both&quot;,&quot;autoplay&quot;:&quot;yes&quot;,&quot;pause_on_hover&quot;:&quot;yes&quot;,&quot;pause_on_interaction&quot;:&quot;yes&quot;,&quot;autoplay_speed&quot;:5000,&quot;infinite&quot;:&quot;yes&quot;,&quot;transition&quot;:&quot;slide&quot;,&quot;transition_speed&quot;:500}\" data-widget_type=\"slides.default\">\n\t\t\t\t<div class=\"elementor-widget-container\">\n\t\t\t\t\t\t\t\t\t<div class=\"elementor-swiper\">\n\t\t\t\t\t<div class=\"elementor-slides-wrapper elementor-main-swiper swiper\" role=\"region\" aria-roledescription=\"carousel\" aria-label=\"Slides\" dir=\"ltr\" data-animation=\"fadeInUp\">\n\t\t\t\t<div class=\"swiper-wrapper elementor-slides\">\n\t\t\t\t\t\t\t\t\t\t<div class=\"elementor-repeater-item-6d567b1 swiper-slide\" role=\"group\" aria-roledescription=\"slide\"><div class=\"swiper-slide-bg\" role=\"img\" aria-label=\"VARAS-HARD-METAL\"><\/div><div class=\"swiper-slide-inner\" ><div class=\"swiper-slide-contents\"><\/div><\/div><\/div><div class=\"elementor-repeater-item-a629963 swiper-slide\" role=\"group\" aria-roledescription=\"slide\"><div class=\"swiper-slide-bg\" role=\"img\" aria-label=\"hard03\"><\/div><div class=\"swiper-slide-inner\" ><div class=\"swiper-slide-contents\"><\/div><\/div><\/div><div class=\"elementor-repeater-item-dc65cae swiper-slide\" role=\"group\" aria-roledescription=\"slide\"><div class=\"swiper-slide-bg\" role=\"img\" aria-label=\"hard04\"><\/div><div class=\"swiper-slide-inner\" ><div class=\"swiper-slide-contents\"><\/div><\/div><\/div><div class=\"elementor-repeater-item-0eaf959 swiper-slide\" role=\"group\" aria-roledescription=\"slide\"><div class=\"swiper-slide-bg\" role=\"img\" aria-label=\"hard05\"><\/div><div class=\"swiper-slide-inner\" ><div class=\"swiper-slide-contents\"><\/div><\/div><\/div><div class=\"elementor-repeater-item-8bd41c4 swiper-slide\" role=\"group\" aria-roledescription=\"slide\"><div class=\"swiper-slide-bg\" role=\"img\" aria-label=\"hard06\"><\/div><div class=\"swiper-slide-inner\" ><div class=\"swiper-slide-contents\"><\/div><\/div><\/div><div class=\"elementor-repeater-item-5a03767 swiper-slide\" role=\"group\" aria-roledescription=\"slide\"><div class=\"swiper-slide-bg\" role=\"img\" aria-label=\"hard07\"><\/div><div class=\"swiper-slide-inner\" ><div class=\"swiper-slide-contents\"><\/div><\/div><\/div><div class=\"elementor-repeater-item-90c5238 swiper-slide\" role=\"group\" aria-roledescription=\"slide\"><div class=\"swiper-slide-bg\" role=\"img\" aria-label=\"hard08\"><\/div><div class=\"swiper-slide-inner\" ><div class=\"swiper-slide-contents\"><\/div><\/div><\/div><div class=\"elementor-repeater-item-69671ac swiper-slide\" role=\"group\" aria-roledescription=\"slide\"><div class=\"swiper-slide-bg\" role=\"img\" aria-label=\"die_lance\"><\/div><div class=\"swiper-slide-inner\" ><div class=\"swiper-slide-contents\"><\/div><\/div><\/div>\t\t\t\t<\/div>\n\t\t\t\t\t\t\t\t\t\t\t\t\t\t\t<div class=\"elementor-swiper-button elementor-swiper-button-prev\" role=\"button\" tabindex=\"0\" aria-label=\"Previous slide\">\n\t\t\t\t\t\t\t<i aria-hidden=\"true\" class=\"eicon-chevron-left\"><\/i>\t\t\t\t\t\t<\/div>\n\t\t\t\t\t\t<div class=\"elementor-swiper-button elementor-swiper-button-next\" role=\"button\" tabindex=\"0\" aria-label=\"Next slide\">\n\t\t\t\t\t\t\t<i aria-hidden=\"true\" class=\"eicon-chevron-right\"><\/i>\t\t\t\t\t\t<\/div>\n\t\t\t\t\t\t\t\t\t\t\t\t\t\t\t\t<div class=\"swiper-pagination\"><\/div>\n\t\t\t\t\t\t\t\t\t\t\t\t<\/div>\n\t\t\t\t<\/div>\n\t\t\t\t\t\t\t\t<\/div>\n\t\t\t\t<\/div>\n\t\t\t\t\t<\/div>\n\t\t<\/div>\n\t\t\t\t<div class=\"elementor-column elementor-col-33 elementor-top-column elementor-element elementor-element-aef28b8\" data-id=\"aef28b8\" data-element_type=\"column\" data-e-type=\"column\">\n\t\t\t<div class=\"elementor-widget-wrap elementor-element-populated\">\n\t\t\t\t\t\t<div class=\"elementor-element elementor-element-1953321 elementor-widget elementor-widget-spacer\" data-id=\"1953321\" data-element_type=\"widget\" data-e-type=\"widget\" data-widget_type=\"spacer.default\">\n\t\t\t\t<div class=\"elementor-widget-container\">\n\t\t\t\t\t\t\t<div class=\"elementor-spacer\">\n\t\t\t<div class=\"elementor-spacer-inner\"><\/div>\n\t\t<\/div>\n\t\t\t\t\t\t<\/div>\n\t\t\t\t<\/div>\n\t\t\t\t\t<\/div>\n\t\t<\/div>\n\t\t\t\t<div class=\"elementor-column elementor-col-33 elementor-top-column elementor-element elementor-element-cd416da\" data-id=\"cd416da\" data-element_type=\"column\" data-e-type=\"column\">\n\t\t\t<div class=\"elementor-widget-wrap elementor-element-populated\">\n\t\t\t\t\t\t<div class=\"elementor-element elementor-element-b2617de elementor-widget elementor-widget-heading\" data-id=\"b2617de\" data-element_type=\"widget\" data-e-type=\"widget\" data-widget_type=\"heading.default\">\n\t\t\t\t<div class=\"elementor-widget-container\">\n\t\t\t\t\t<h3 class=\"elementor-heading-title elementor-size-default\">PRODUCTS AND SERVICES<\/h3>\t\t\t\t<\/div>\n\t\t\t\t<\/div>\n\t\t\t\t<div class=\"elementor-element elementor-element-56f950a elementor-widget elementor-widget-text-editor\" data-id=\"56f950a\" data-element_type=\"widget\" data-e-type=\"widget\" data-widget_type=\"text-editor.default\">\n\t\t\t\t<div class=\"elementor-widget-container\">\n\t\t\t\t\t\t\t\t\t<p>We have the most advanced technology and we provide you with a wide range of CNC machines, cylindrical and jig grinder machines, erosion machines, lathes and milling machines, to achieve the highest levels of precision in our work, allowing interchangeability between tooling parts and offering a fast and effective after-sales support.<\/p>\t\t\t\t\t\t\t\t<\/div>\n\t\t\t\t<\/div>\n\t\t\t\t\t<\/div>\n\t\t<\/div>\n\t\t\t\t\t<\/div>\n\t\t<\/section>\n\t\t\t\t<\/div>\n\t\t","protected":false},"excerpt":{"rendered":"<p>Varas Hard Metal Tungsten Carbide parts and Ceramic tools Design and manufacture of Tungsten Carbide and Ceramic tools. This Company born with the idea of being able to supply and offer Tungsten Carbide and Ceramic parts in the different markets to which clients belong and where the application of the use of these materials is [&hellip;]<\/p>\n","protected":false},"author":1,"featured_media":1170,"parent":0,"menu_order":0,"comment_status":"closed","ping_status":"closed","template":"","meta":{"inline_featured_image":false,"footnotes":""},"class_list":["post-1267","page","type-page","status-publish","has-post-thumbnail","hentry"],"yoast_head":"<!-- This site is optimized with the Yoast SEO plugin v27.2 - https:\/\/yoast.com\/product\/yoast-seo-wordpress\/ -->\n<title>Varas Hard Metal | Piezas de carburo de tungsteno y cer\u00e1mica<\/title>\n<meta name=\"description\" content=\"Varas Hard Metal naci\u00f3 para ofrecer el dise\u00f1o y la fabricaci\u00f3n de piezas en carburo de tungsteno y cer\u00e1mica.\" \/>\n<meta name=\"robots\" content=\"index, follow, max-snippet:-1, max-image-preview:large, max-video-preview:-1\" \/>\n<link rel=\"canonical\" href=\"https:\/\/varas-group.com\/en\/varas-hard-metal\/\" \/>\n<meta property=\"og:locale\" content=\"en_US\" \/>\n<meta property=\"og:type\" content=\"article\" \/>\n<meta property=\"og:title\" content=\"Varas Hard Metal | Piezas de carburo de tungsteno y cer\u00e1mica\" \/>\n<meta property=\"og:description\" content=\"Varas Hard Metal naci\u00f3 para ofrecer el dise\u00f1o y la fabricaci\u00f3n de piezas en carburo de tungsteno y cer\u00e1mica.\" \/>\n<meta property=\"og:url\" content=\"https:\/\/varas-group.com\/en\/varas-hard-metal\/\" \/>\n<meta property=\"og:site_name\" content=\"Varas Group\" \/>\n<meta property=\"article:modified_time\" content=\"2023-11-10T06:56:37+00:00\" \/>\n<meta property=\"og:image\" content=\"https:\/\/varas-group.com\/wp-content\/uploads\/2021\/04\/hard-banner.jpg\" \/>\n\t<meta property=\"og:image:width\" content=\"1920\" \/>\n\t<meta property=\"og:image:height\" content=\"1080\" \/>\n\t<meta property=\"og:image:type\" content=\"image\/jpeg\" \/>\n<meta name=\"twitter:card\" content=\"summary_large_image\" \/>\n<meta name=\"twitter:label1\" content=\"Est. reading time\" \/>\n\t<meta name=\"twitter:data1\" content=\"1 minute\" \/>\n<script type=\"application\/ld+json\" class=\"yoast-schema-graph\">{\"@context\":\"https:\/\/schema.org\",\"@graph\":[{\"@type\":\"WebPage\",\"@id\":\"https:\/\/varas-group.com\/en\/varas-hard-metal\/\",\"url\":\"https:\/\/varas-group.com\/en\/varas-hard-metal\/\",\"name\":\"Varas Hard Metal | Piezas de carburo de tungsteno y cer\u00e1mica\",\"isPartOf\":{\"@id\":\"https:\/\/varas-group.com\/en\/#website\"},\"primaryImageOfPage\":{\"@id\":\"https:\/\/varas-group.com\/en\/varas-hard-metal\/#primaryimage\"},\"image\":{\"@id\":\"https:\/\/varas-group.com\/en\/varas-hard-metal\/#primaryimage\"},\"thumbnailUrl\":\"https:\/\/varas-group.com\/wp-content\/uploads\/2021\/04\/hard-banner.jpg\",\"datePublished\":\"2021-04-28T09:09:35+00:00\",\"dateModified\":\"2023-11-10T06:56:37+00:00\",\"description\":\"Varas Hard Metal naci\u00f3 para ofrecer el dise\u00f1o y la fabricaci\u00f3n de piezas en carburo de tungsteno y cer\u00e1mica.\",\"breadcrumb\":{\"@id\":\"https:\/\/varas-group.com\/en\/varas-hard-metal\/#breadcrumb\"},\"inLanguage\":\"en-US\",\"potentialAction\":[{\"@type\":\"ReadAction\",\"target\":[\"https:\/\/varas-group.com\/en\/varas-hard-metal\/\"]}]},{\"@type\":\"ImageObject\",\"inLanguage\":\"en-US\",\"@id\":\"https:\/\/varas-group.com\/en\/varas-hard-metal\/#primaryimage\",\"url\":\"https:\/\/varas-group.com\/wp-content\/uploads\/2021\/04\/hard-banner.jpg\",\"contentUrl\":\"https:\/\/varas-group.com\/wp-content\/uploads\/2021\/04\/hard-banner.jpg\",\"width\":1920,\"height\":1080,\"caption\":\"piezas carburo de tungsteno\"},{\"@type\":\"BreadcrumbList\",\"@id\":\"https:\/\/varas-group.com\/en\/varas-hard-metal\/#breadcrumb\",\"itemListElement\":[{\"@type\":\"ListItem\",\"position\":1,\"name\":\"Inicio\",\"item\":\"https:\/\/varas-group.com\/en\/home-2\/\"},{\"@type\":\"ListItem\",\"position\":2,\"name\":\"Varas Hard Metal\"}]},{\"@type\":\"WebSite\",\"@id\":\"https:\/\/varas-group.com\/en\/#website\",\"url\":\"https:\/\/varas-group.com\/en\/\",\"name\":\"Varas Group\",\"description\":\"You propose. We create.\",\"publisher\":{\"@id\":\"https:\/\/varas-group.com\/en\/#organization\"},\"potentialAction\":[{\"@type\":\"SearchAction\",\"target\":{\"@type\":\"EntryPoint\",\"urlTemplate\":\"https:\/\/varas-group.com\/en\/?s={search_term_string}\"},\"query-input\":{\"@type\":\"PropertyValueSpecification\",\"valueRequired\":true,\"valueName\":\"search_term_string\"}}],\"inLanguage\":\"en-US\"},{\"@type\":\"Organization\",\"@id\":\"https:\/\/varas-group.com\/en\/#organization\",\"name\":\"Varas Group\",\"url\":\"https:\/\/varas-group.com\/en\/\",\"logo\":{\"@type\":\"ImageObject\",\"inLanguage\":\"en-US\",\"@id\":\"https:\/\/varas-group.com\/en\/#\/schema\/logo\/image\/\",\"url\":\"https:\/\/varas-group.com\/wp-content\/uploads\/2021\/04\/logo-varas-orig.svg\",\"contentUrl\":\"https:\/\/varas-group.com\/wp-content\/uploads\/2021\/04\/logo-varas-orig.svg\",\"width\":\"1024\",\"height\":\"1024\",\"caption\":\"Varas Group\"},\"image\":{\"@id\":\"https:\/\/varas-group.com\/en\/#\/schema\/logo\/image\/\"}}]}<\/script>\n<!-- \/ Yoast SEO plugin. -->","yoast_head_json":{"title":"Varas Hard Metal | Piezas de carburo de tungsteno y cer\u00e1mica","description":"Varas Hard Metal naci\u00f3 para ofrecer el dise\u00f1o y la fabricaci\u00f3n de piezas en carburo de tungsteno y cer\u00e1mica.","robots":{"index":"index","follow":"follow","max-snippet":"max-snippet:-1","max-image-preview":"max-image-preview:large","max-video-preview":"max-video-preview:-1"},"canonical":"https:\/\/varas-group.com\/en\/varas-hard-metal\/","og_locale":"en_US","og_type":"article","og_title":"Varas Hard Metal | Piezas de carburo de tungsteno y cer\u00e1mica","og_description":"Varas Hard Metal naci\u00f3 para ofrecer el dise\u00f1o y la fabricaci\u00f3n de piezas en carburo de tungsteno y cer\u00e1mica.","og_url":"https:\/\/varas-group.com\/en\/varas-hard-metal\/","og_site_name":"Varas Group","article_modified_time":"2023-11-10T06:56:37+00:00","og_image":[{"width":1920,"height":1080,"url":"https:\/\/varas-group.com\/wp-content\/uploads\/2021\/04\/hard-banner.jpg","type":"image\/jpeg"}],"twitter_card":"summary_large_image","twitter_misc":{"Est. reading time":"1 minute"},"schema":{"@context":"https:\/\/schema.org","@graph":[{"@type":"WebPage","@id":"https:\/\/varas-group.com\/en\/varas-hard-metal\/","url":"https:\/\/varas-group.com\/en\/varas-hard-metal\/","name":"Varas Hard Metal | Piezas de carburo de tungsteno y cer\u00e1mica","isPartOf":{"@id":"https:\/\/varas-group.com\/en\/#website"},"primaryImageOfPage":{"@id":"https:\/\/varas-group.com\/en\/varas-hard-metal\/#primaryimage"},"image":{"@id":"https:\/\/varas-group.com\/en\/varas-hard-metal\/#primaryimage"},"thumbnailUrl":"https:\/\/varas-group.com\/wp-content\/uploads\/2021\/04\/hard-banner.jpg","datePublished":"2021-04-28T09:09:35+00:00","dateModified":"2023-11-10T06:56:37+00:00","description":"Varas Hard Metal naci\u00f3 para ofrecer el dise\u00f1o y la fabricaci\u00f3n de piezas en carburo de tungsteno y cer\u00e1mica.","breadcrumb":{"@id":"https:\/\/varas-group.com\/en\/varas-hard-metal\/#breadcrumb"},"inLanguage":"en-US","potentialAction":[{"@type":"ReadAction","target":["https:\/\/varas-group.com\/en\/varas-hard-metal\/"]}]},{"@type":"ImageObject","inLanguage":"en-US","@id":"https:\/\/varas-group.com\/en\/varas-hard-metal\/#primaryimage","url":"https:\/\/varas-group.com\/wp-content\/uploads\/2021\/04\/hard-banner.jpg","contentUrl":"https:\/\/varas-group.com\/wp-content\/uploads\/2021\/04\/hard-banner.jpg","width":1920,"height":1080,"caption":"piezas carburo de tungsteno"},{"@type":"BreadcrumbList","@id":"https:\/\/varas-group.com\/en\/varas-hard-metal\/#breadcrumb","itemListElement":[{"@type":"ListItem","position":1,"name":"Inicio","item":"https:\/\/varas-group.com\/en\/home-2\/"},{"@type":"ListItem","position":2,"name":"Varas Hard Metal"}]},{"@type":"WebSite","@id":"https:\/\/varas-group.com\/en\/#website","url":"https:\/\/varas-group.com\/en\/","name":"Varas Group","description":"You propose. We create.","publisher":{"@id":"https:\/\/varas-group.com\/en\/#organization"},"potentialAction":[{"@type":"SearchAction","target":{"@type":"EntryPoint","urlTemplate":"https:\/\/varas-group.com\/en\/?s={search_term_string}"},"query-input":{"@type":"PropertyValueSpecification","valueRequired":true,"valueName":"search_term_string"}}],"inLanguage":"en-US"},{"@type":"Organization","@id":"https:\/\/varas-group.com\/en\/#organization","name":"Varas Group","url":"https:\/\/varas-group.com\/en\/","logo":{"@type":"ImageObject","inLanguage":"en-US","@id":"https:\/\/varas-group.com\/en\/#\/schema\/logo\/image\/","url":"https:\/\/varas-group.com\/wp-content\/uploads\/2021\/04\/logo-varas-orig.svg","contentUrl":"https:\/\/varas-group.com\/wp-content\/uploads\/2021\/04\/logo-varas-orig.svg","width":"1024","height":"1024","caption":"Varas Group"},"image":{"@id":"https:\/\/varas-group.com\/en\/#\/schema\/logo\/image\/"}}]}},"_links":{"self":[{"href":"https:\/\/varas-group.com\/en\/wp-json\/wp\/v2\/pages\/1267","targetHints":{"allow":["GET"]}}],"collection":[{"href":"https:\/\/varas-group.com\/en\/wp-json\/wp\/v2\/pages"}],"about":[{"href":"https:\/\/varas-group.com\/en\/wp-json\/wp\/v2\/types\/page"}],"author":[{"embeddable":true,"href":"https:\/\/varas-group.com\/en\/wp-json\/wp\/v2\/users\/1"}],"replies":[{"embeddable":true,"href":"https:\/\/varas-group.com\/en\/wp-json\/wp\/v2\/comments?post=1267"}],"version-history":[{"count":19,"href":"https:\/\/varas-group.com\/en\/wp-json\/wp\/v2\/pages\/1267\/revisions"}],"predecessor-version":[{"id":1967,"href":"https:\/\/varas-group.com\/en\/wp-json\/wp\/v2\/pages\/1267\/revisions\/1967"}],"wp:featuredmedia":[{"embeddable":true,"href":"https:\/\/varas-group.com\/en\/wp-json\/wp\/v2\/media\/1170"}],"wp:attachment":[{"href":"https:\/\/varas-group.com\/en\/wp-json\/wp\/v2\/media?parent=1267"}],"curies":[{"name":"wp","href":"https:\/\/api.w.org\/{rel}","templated":true}]}}